{"id":69,"date":"2019-03-28T10:56:19","date_gmt":"2019-03-28T08:56:19","guid":{"rendered":"http:\/\/tulki.lv\/wp\/?page_id=69"},"modified":"2022-01-20T21:27:55","modified_gmt":"2022-01-20T19:27:55","slug":"kontakti","status":"publish","type":"page","link":"https:\/\/tulki.lv\/en\/kontakti","title":{"rendered":"CONTACT US"},"content":{"rendered":"\n<p>Address: <strong>88 L\u012bvciema Street, Ik\u0161\u0137ile<\/strong><br>Tel:<strong>&nbsp;+371 28362806<br><\/strong>E-mail:<strong> info@tulki.lv<br><\/strong>Website:<strong> www.tulki.lv<br><\/strong>Skype:<strong>&nbsp;dace.dzene<\/strong> <\/p>\n\n\n\n<p><\/p>\n","protected":false},"excerpt":{"rendered":"<p>Address: 88 L\u012bvciema Street, Ik\u0161\u0137ileTel:&nbsp;+371 28362806E-mail: info@tulki.lvWebsite: www.tulki.lvSkype:&nbsp;dace.dzene<\/p>\n","protected":false},"author":1,"featured_media":0,"parent":0,"menu_order":0,"comment_status":"closed","ping_status":"closed","template":"","meta":[],"_links":{"self":[{"href":"https:\/\/tulki.lv\/en\/wp-json\/wp\/v2\/pages\/69"}],"collection":[{"href":"https:\/\/tulki.lv\/en\/wp-json\/wp\/v2\/pages"}],"about":[{"href":"https:\/\/tulki.lv\/en\/wp-json\/wp\/v2\/types\/page"}],"author":[{"embeddable":true,"href":"https:\/\/tulki.lv\/en\/wp-json\/wp\/v2\/users\/1"}],"replies":[{"embeddable":true,"href":"https:\/\/tulki.lv\/en\/wp-json\/wp\/v2\/comments?post=69"}],"version-history":[{"count":7,"href":"https:\/\/tulki.lv\/en\/wp-json\/wp\/v2\/pages\/69\/revisions"}],"predecessor-version":[{"id":259,"href":"https:\/\/tulki.lv\/en\/wp-json\/wp\/v2\/pages\/69\/revisions\/259"}],"wp:attachment":[{"href":"https:\/\/tulki.lv\/en\/wp-json\/wp\/v2\/media?parent=69"}],"curies":[{"name":"wp","href":"https:\/\/api.w.org\/{rel}","templated":true}]}}